{"id":8,"date":"2014-12-04T21:42:45","date_gmt":"2014-12-04T21:42:45","guid":{"rendered":"http:\/\/www.janicmanic.de\/ebu-neu\/?page_id=8"},"modified":"2014-12-11T16:01:20","modified_gmt":"2014-12-11T15:01:20","slug":"planung","status":"publish","type":"page","link":"https:\/\/www.ebu-erlangen.de\/?page_id=8","title":{"rendered":"Planung"},"content":{"rendered":"<p><strong>Eigene 4 W\u00e4nde \u2013 auch f\u00fcr Sie eine Herzensangelegenheit!<\/strong><\/p>\n<p>Sie haben die Ideen und Vorstellungen.<br \/>\nWir \u00fcbernehmen die komplette Bauplanung und<br \/>\n\u00dcberwachung f\u00fcr Ihr Bauvorhaben, wie<\/p>\n<ul>\n<li>die kostenlose Erstberatung f\u00fcr Ihre Bauideen.<\/li>\n<li>die Untersuchung der Realisierbarkeit des Bauvorhabens.<\/li>\n<li>das Einreichen des Bauantrages beim Bauamt f\u00fcr die Baugenehmigung.<\/li>\n<li>das Anfertigen von Aufteilungspl\u00e4nen, Schall- und W\u00e4rmeschutznachweisen.<\/li>\n<li>die Ausschreibung und Vergabe der Bauleistungen an ausf\u00fchrende Handwerkerfirmen.<\/li>\n<li>die Bauleitung und \u00dcberwachung der Ausf\u00fchrung bis zur Fertigstellung des Bauvorhabens.<\/li>\n<\/ul>\n","protected":false},"excerpt":{"rendered":"<p>Eigene 4 W\u00e4nde \u2013 auch f\u00fcr Sie eine Herzensangelegenheit! Sie haben die Ideen und Vorstellungen. Wir \u00fcbernehmen die komplette Bauplanung und \u00dcberwachung f\u00fcr Ihr Bauvorhaben, wie die kostenlose Erstberatung f\u00fcr Ihre Bauideen. die Untersuchung der Realisierbarkeit des Bauvorhabens. das Einreichen des Bauantrages beim Bauamt f\u00fcr die Baugenehmigung. das Anfertigen von Aufteilungspl\u00e4nen, Schall- und W\u00e4rmeschutznachweisen. die [&hellip;]<\/p>\n","protected":false},"author":1,"featured_media":0,"parent":0,"menu_order":0,"comment_status":"closed","ping_status":"closed","template":"page-templates\/full-width.php","meta":{"footnotes":""},"class_list":["post-8","page","type-page","status-publish","hentry"],"_links":{"self":[{"href":"https:\/\/www.ebu-erlangen.de\/index.php?rest_route=\/wp\/v2\/pages\/8","targetHints":{"allow":["GET"]}}],"collection":[{"href":"https:\/\/www.ebu-erlangen.de\/index.php?rest_route=\/wp\/v2\/pages"}],"about":[{"href":"https:\/\/www.ebu-erlangen.de\/index.php?rest_route=\/wp\/v2\/types\/page"}],"author":[{"embeddable":true,"href":"https:\/\/www.ebu-erlangen.de\/index.php?rest_route=\/wp\/v2\/users\/1"}],"replies":[{"embeddable":true,"href":"https:\/\/www.ebu-erlangen.de\/index.php?rest_route=%2Fwp%2Fv2%2Fcomments&post=8"}],"version-history":[{"count":2,"href":"https:\/\/www.ebu-erlangen.de\/index.php?rest_route=\/wp\/v2\/pages\/8\/revisions"}],"predecessor-version":[{"id":276,"href":"https:\/\/www.ebu-erlangen.de\/index.php?rest_route=\/wp\/v2\/pages\/8\/revisions\/276"}],"wp:attachment":[{"href":"https:\/\/www.ebu-erlangen.de\/index.php?rest_route=%2Fwp%2Fv2%2Fmedia&parent=8"}],"curies":[{"name":"wp","href":"https:\/\/api.w.org\/{rel}","templated":true}]}}